{"id":81,"date":"2020-03-20T14:04:42","date_gmt":"2020-03-20T13:04:42","guid":{"rendered":"https:\/\/lapoussada.com\/?page_id=81"},"modified":"2020-04-15T14:27:26","modified_gmt":"2020-04-15T12:27:26","slug":"loisirs","status":"publish","type":"page","link":"https:\/\/lapoussada.com\/de\/loisirs\/","title":{"rendered":"Freizeit"},"content":{"rendered":"<!--themify_builder_content-->\n<div id=\"themify_builder_content-81\" data-postid=\"81\" class=\"themify_builder_content themify_builder_content-81 themify_builder tf_clear\">\n                    <div  data-css_id=\"rzsb355\" data-lazy=\"1\" class=\"module_row themify_builder_row fullwidth tb_rzsb355 tb_first tf_w\">\n                        <div class=\"row_inner col_align_top tb_col_count_1 tf_box tf_rel\">\n                        <div  data-lazy=\"1\" class=\"module_column tb-column col-full tb_jkf8355 first\">\n                    <!-- module text -->\n<div  class=\"module module-text tb_d4zy355\" data-lazy=\"1\">\n        <div  class=\"tb_text_wrap\">\n        <h1 style=\"text-align: center;\">KULTUR UND ERBE<\/h1>\n<h1 style=\"text-align: center;\">\u00a0<\/h1>    <\/div>\n<\/div>\n<!-- \/module text --><!-- module buttons -->\n<div  class=\"module module-buttons tb_5vxx356 buttons-horizontal solid  circle\" data-lazy=\"1\">\n        <div class=\"module-buttons-item tf_in_flx\">\n                        <a href=\"https:\/\/lapoussada.com\/de\/la-region\/\" class=\"ui builder_button tf_in_flx tb_default_color\" >\n                                                Mehr Informationen                                        <\/a>\n                <\/div>\n            <\/div>\n<!-- \/module buttons -->\n        <\/div>\n                        <\/div>\n        <\/div>\n                        <div  data-css_id=\"hh7h355\" data-lazy=\"1\" class=\"module_row themify_builder_row fullwidth tb_hh7h355 tf_w\">\n                        <div class=\"row_inner gutter-none col_align_top tb_col_count_4 tf_box tf_rel\">\n                        <div  data-lazy=\"1\" class=\"module_column tb-column col4-1 tb_ecti356 first\">\n                            <\/div>\n                    <div  data-lazy=\"1\" class=\"module_column tb-column col4-1 tb_mwsc356\">\n                            <\/div>\n                    <div  data-lazy=\"1\" class=\"module_column tb-column col4-1 tb_xyit356\">\n                            <\/div>\n                    <div  data-lazy=\"1\" class=\"module_column tb-column col4-1 tb_g6eo175 last\">\n                            <\/div>\n                        <\/div>\n        <\/div>\n                        <div  data-css_id=\"jxp3735\" data-lazy=\"1\" class=\"module_row themify_builder_row fullwidth tb_jxp3735 tf_w\">\n            <style>.tb_jxp3735{animation:bg-animation-horizontally-jxp3735 100s linear infinite!important;background-repeat:repeat!important}@keyframes bg-animation-horizontally-jxp3735{\n\t\t\t\t\t\t\tfrom{background-position:0 0}\n\t\t\t\t\t\t\tto{background-position:-2400px 0}\n\t\t\t\t\t}<\/style>            <div class=\"row_inner col_align_top tb_col_count_1 tf_box tf_rel\">\n                        <div  data-lazy=\"1\" class=\"module_column tb-column col-full tb_eoqf735 first\">\n                    <!-- module text -->\n<div  class=\"module module-text tb_8364735  repeat\" data-lazy=\"1\">\n        <div  class=\"tb_text_wrap\">\n        <h1 style=\"text-align: center;\">SPORT UND NATUR<\/h1>    <\/div>\n<\/div>\n<!-- \/module text --><!-- module buttons -->\n<div  class=\"module module-buttons tb_8nwb193 buttons-horizontal solid  circle\" data-lazy=\"1\">\n        <div class=\"module-buttons-item tf_in_flx\">\n                        <a href=\"https:\/\/lapoussada.com\/de\/activites-sportives\/\" class=\"ui builder_button tf_in_flx tb_default_color\" >\n                                                Mehr Informationen                                        <\/a>\n                <\/div>\n            <\/div>\n<!-- \/module buttons -->\n        <\/div>\n                        <\/div>\n        <\/div>\n                        <div  data-css_id=\"zmmp374\" data-lazy=\"1\" class=\"module_row themify_builder_row fullwidth tb_zmmp374 tf_w\">\n                        <div class=\"row_inner gutter-none col_align_top tb_col_count_4 tf_box tf_rel\">\n                        <div  data-lazy=\"1\" class=\"module_column tb-column col4-1 tb_vo5s375 first\">\n                            <\/div>\n                    <div  data-lazy=\"1\" class=\"module_column tb-column col4-1 tb_bsyo375\">\n                            <\/div>\n                    <div  data-lazy=\"1\" class=\"module_column tb-column col4-1 tb_39tk375\">\n                            <\/div>\n                    <div  data-lazy=\"1\" class=\"module_column tb-column col4-1 tb_cvgr926 last\">\n                            <\/div>\n                        <\/div>\n        <\/div>\n        <\/div>\n<!--\/themify_builder_content-->","protected":false},"excerpt":{"rendered":"<p>KULTUR UND ERBE Erfahren Sie mehr + SPORT UND NATUR Erfahren Sie mehr +<\/p>","protected":false},"author":1,"featured_media":0,"parent":0,"menu_order":0,"comment_status":"closed","ping_status":"closed","template":"","meta":{"_monsterinsights_skip_tracking":false,"_monsterinsights_sitenote_active":false,"_monsterinsights_sitenote_note":"","_monsterinsights_sitenote_category":0,"footnotes":""},"class_list":["post-81","page","type-page","status-publish","hentry","has-post-title","has-post-date","has-post-category","has-post-tag","has-post-comment","has-post-author",""],"yoast_head":"<!-- This site is optimized with the Yoast SEO plugin v27.3 - https:\/\/yoast.com\/product\/yoast-seo-wordpress\/ -->\n<title>Location La Poussada - De nombreux loisirs \u00e0 pratiquer durant votre s\u00e9jour<\/title>\n<meta name=\"description\" content=\"D\u00e9couvrez les nombreux loisirs de plein air \u00e0 pratiquer \u00e0 deux pas de nos g\u00eetes : kite surf, windsurf, planche \u00e0 voile et tant d&#039;autres !\" \/>\n<meta name=\"robots\" content=\"index, follow, max-snippet:-1, max-image-preview:large, max-video-preview:-1\" \/>\n<link rel=\"canonical\" href=\"https:\/\/lapoussada.com\/de\/loisirs\/\" \/>\n<meta property=\"og:locale\" content=\"de_DE\" \/>\n<meta property=\"og:type\" content=\"article\" \/>\n<meta property=\"og:title\" content=\"Location La Poussada - De nombreux loisirs \u00e0 pratiquer durant votre s\u00e9jour\" \/>\n<meta property=\"og:description\" content=\"D\u00e9couvrez les nombreux loisirs de plein air \u00e0 pratiquer \u00e0 deux pas de nos g\u00eetes : kite surf, windsurf, planche \u00e0 voile et tant d&#039;autres !\" \/>\n<meta property=\"og:url\" content=\"https:\/\/lapoussada.com\/de\/loisirs\/\" \/>\n<meta property=\"og:site_name\" content=\"La Poussada\" \/>\n<meta property=\"article:modified_time\" content=\"2020-04-15T12:27:26+00:00\" \/>\n<meta name=\"twitter:card\" content=\"summary_large_image\" \/>\n<script type=\"application\/ld+json\" class=\"yoast-schema-graph\">{\"@context\":\"https:\\\/\\\/schema.org\",\"@graph\":[{\"@type\":\"WebPage\",\"@id\":\"https:\\\/\\\/lapoussada.com\\\/loisirs\\\/\",\"url\":\"https:\\\/\\\/lapoussada.com\\\/loisirs\\\/\",\"name\":\"Location La Poussada - De nombreux loisirs \u00e0 pratiquer durant votre s\u00e9jour\",\"isPartOf\":{\"@id\":\"https:\\\/\\\/lapoussada.com\\\/#website\"},\"datePublished\":\"2020-03-20T13:04:42+00:00\",\"dateModified\":\"2020-04-15T12:27:26+00:00\",\"description\":\"D\u00e9couvrez les nombreux loisirs de plein air \u00e0 pratiquer \u00e0 deux pas de nos g\u00eetes : kite surf, windsurf, planche \u00e0 voile et tant d'autres !\",\"breadcrumb\":{\"@id\":\"https:\\\/\\\/lapoussada.com\\\/loisirs\\\/#breadcrumb\"},\"inLanguage\":\"de\",\"potentialAction\":[{\"@type\":\"ReadAction\",\"target\":[\"https:\\\/\\\/lapoussada.com\\\/loisirs\\\/\"]}]},{\"@type\":\"BreadcrumbList\",\"@id\":\"https:\\\/\\\/lapoussada.com\\\/loisirs\\\/#breadcrumb\",\"itemListElement\":[{\"@type\":\"ListItem\",\"position\":1,\"name\":\"Accueil\",\"item\":\"https:\\\/\\\/lapoussada.com\\\/\"},{\"@type\":\"ListItem\",\"position\":2,\"name\":\"Loisirs\"}]},{\"@type\":\"WebSite\",\"@id\":\"https:\\\/\\\/lapoussada.com\\\/#website\",\"url\":\"https:\\\/\\\/lapoussada.com\\\/\",\"name\":\"La Poussada\",\"description\":\"Location de g\u00eetes \u00e9cologiques \u00e0 La Palme, Aude\",\"potentialAction\":[{\"@type\":\"SearchAction\",\"target\":{\"@type\":\"EntryPoint\",\"urlTemplate\":\"https:\\\/\\\/lapoussada.com\\\/?s={search_term_string}\"},\"query-input\":{\"@type\":\"PropertyValueSpecification\",\"valueRequired\":true,\"valueName\":\"search_term_string\"}}],\"inLanguage\":\"de\"}]}<\/script>\n<!-- \/ Yoast SEO plugin. -->","yoast_head_json":{"title":"Standort La Poussada - Zahlreiche Freizeitaktivit\u00e4ten w\u00e4hrend Ihres Aufenthalts","description":"Entdecken Sie die vielen Outdoor-Aktivit\u00e4ten, die nur einen Katzensprung von unseren G\u00eetes entfernt ausge\u00fcbt werden k\u00f6nnen: Kitesurfen, Windsurfen, Windsurfen und vieles mehr!","robots":{"index":"index","follow":"follow","max-snippet":"max-snippet:-1","max-image-preview":"max-image-preview:large","max-video-preview":"max-video-preview:-1"},"canonical":"https:\/\/lapoussada.com\/de\/loisirs\/","og_locale":"de_DE","og_type":"article","og_title":"Location La Poussada - De nombreux loisirs \u00e0 pratiquer durant votre s\u00e9jour","og_description":"D\u00e9couvrez les nombreux loisirs de plein air \u00e0 pratiquer \u00e0 deux pas de nos g\u00eetes : kite surf, windsurf, planche \u00e0 voile et tant d'autres !","og_url":"https:\/\/lapoussada.com\/de\/loisirs\/","og_site_name":"La Poussada","article_modified_time":"2020-04-15T12:27:26+00:00","twitter_card":"summary_large_image","schema":{"@context":"https:\/\/schema.org","@graph":[{"@type":"WebPage","@id":"https:\/\/lapoussada.com\/loisirs\/","url":"https:\/\/lapoussada.com\/loisirs\/","name":"Standort La Poussada - Zahlreiche Freizeitaktivit\u00e4ten w\u00e4hrend Ihres Aufenthalts","isPartOf":{"@id":"https:\/\/lapoussada.com\/#website"},"datePublished":"2020-03-20T13:04:42+00:00","dateModified":"2020-04-15T12:27:26+00:00","description":"Entdecken Sie die vielen Outdoor-Aktivit\u00e4ten, die nur einen Katzensprung von unseren G\u00eetes entfernt ausge\u00fcbt werden k\u00f6nnen: Kitesurfen, Windsurfen, Windsurfen und vieles mehr!","breadcrumb":{"@id":"https:\/\/lapoussada.com\/loisirs\/#breadcrumb"},"inLanguage":"de","potentialAction":[{"@type":"ReadAction","target":["https:\/\/lapoussada.com\/loisirs\/"]}]},{"@type":"BreadcrumbList","@id":"https:\/\/lapoussada.com\/loisirs\/#breadcrumb","itemListElement":[{"@type":"ListItem","position":1,"name":"Accueil","item":"https:\/\/lapoussada.com\/"},{"@type":"ListItem","position":2,"name":"Loisirs"}]},{"@type":"WebSite","@id":"https:\/\/lapoussada.com\/#website","url":"https:\/\/lapoussada.com\/","name":"Die Poussada","description":"\u00d6kologische Ferienwohnungen zu mieten in La Palme, Aude","potentialAction":[{"@type":"SearchAction","target":{"@type":"EntryPoint","urlTemplate":"https:\/\/lapoussada.com\/?s={search_term_string}"},"query-input":{"@type":"PropertyValueSpecification","valueRequired":true,"valueName":"search_term_string"}}],"inLanguage":"de"}]}},"builder_content":"<h1 style=\"text-align: center;\">CULTURE ET PATRIMOINE<\/h1> <h1 style=\"text-align: center;\">\u00a0<\/h1>\n<a href=\"https:\/\/lapoussada.com\/la-region\/\" > En savoir + <\/a>\n<h1 style=\"text-align: center;\">SPORTS ET NATURE<\/h1>\n<a href=\"https:\/\/lapoussada.com\/activites-sportives\" > En savoir + <\/a>","_links":{"self":[{"href":"https:\/\/lapoussada.com\/de\/wp-json\/wp\/v2\/pages\/81","targetHints":{"allow":["GET"]}}],"collection":[{"href":"https:\/\/lapoussada.com\/de\/wp-json\/wp\/v2\/pages"}],"about":[{"href":"https:\/\/lapoussada.com\/de\/wp-json\/wp\/v2\/types\/page"}],"author":[{"embeddable":true,"href":"https:\/\/lapoussada.com\/de\/wp-json\/wp\/v2\/users\/1"}],"replies":[{"embeddable":true,"href":"https:\/\/lapoussada.com\/de\/wp-json\/wp\/v2\/comments?post=81"}],"version-history":[{"count":5,"href":"https:\/\/lapoussada.com\/de\/wp-json\/wp\/v2\/pages\/81\/revisions"}],"predecessor-version":[{"id":1065,"href":"https:\/\/lapoussada.com\/de\/wp-json\/wp\/v2\/pages\/81\/revisions\/1065"}],"wp:attachment":[{"href":"https:\/\/lapoussada.com\/de\/wp-json\/wp\/v2\/media?parent=81"}],"curies":[{"name":"wp","href":"https:\/\/api.w.org\/{rel}","templated":true}]}}