{"id":33,"date":"2020-03-20T13:57:37","date_gmt":"2020-03-20T12:57:37","guid":{"rendered":"https:\/\/lapoussada.com\/?page_id=33"},"modified":"2026-02-25T05:14:10","modified_gmt":"2026-02-25T04:14:10","slug":"tarifs","status":"publish","type":"page","link":"https:\/\/lapoussada.com\/en\/tarifs\/","title":{"rendered":"Prices"},"content":{"rendered":"<!--themify_builder_content-->\n<div id=\"themify_builder_content-33\" data-postid=\"33\" class=\"themify_builder_content themify_builder_content-33 themify_builder tf_clear\">\n                    <div  data-css_id=\"skpl415\" data-lazy=\"1\" class=\"module_row themify_builder_row fullwidth_row_container tb_skpl415 tb_first tf_w\">\n            <span  class=\"builder_row_cover tf_abs\" data-lazy=\"1\"><\/span>            <div class=\"row_inner col_align_top tb_col_count_1 tf_box tf_rel\">\n                        <div  data-lazy=\"1\" class=\"module_column tb-column col-full tb_3b4o416 first\">\n                    <!-- module text -->\n<div  class=\"module module-text tb_i8jt624\" data-lazy=\"1\">\n        <div  class=\"tb_text_wrap\">\n        <h2 style=\"text-align: center;\"><strong>Weekly rates<\/strong><\/h2>\n<p style=\"text-align: center;\">Arrivals and departures on Saturdays for \"La Cabane\", \"Tortuga\" and \"Plumeria\", Sundays for the two Cubes. \u00a0<br>Please contact us if you are interested in other dates (out of high season only).<br>In July and August, we give preference to families of 4 people maximum and without animals.<\/p>    <\/div>\n<\/div>\n<!-- \/module text --><div  id=\"tb_0yc8508\" class=\"module module-pricing-table ui tb_0yc8508  gray  tf_textc tf_rel tf_w\" data-lazy=\"1\">\n\t\t\n\t\n    <div class=\"module-pricing-table-header tf_rel ui gray\" >\n\t\t\t\t\t<span class=\"module-pricing-table-title tf_block tf_w\">\n\t\t\t\t\t\t\t\t<span>From<\/span>\n\t\t\t<\/span>\n\t\t\t\t\t\t\t<span class=\"module-pricing-table-price tf_block tf_w\">750 \u20ac<\/span>\n\t\t\t\t\t\t\t\t\t<p class=\"module-pricing-table-description\">THE WEEK<\/p>\n\t\t    <\/div><!-- .module-pricing-table-header -->\n    <div class=\"module-pricing-table-content tf_box tf_w\">\n\t\t\t\t\t\t\t\t\t\t\t\t\t\t<div class=\"module-pricing-table-features\">- From 01 March to 31 May: \u20ac750<\/div>\n\t\t\t\t\t\t\t\t\t\t\t\t\t\t\t\t<div class=\"module-pricing-table-features\">- June: \u20ac800<\/div>\n\t\t\t\t\t\t\t\t\t\t\t\t\t\t\t\t<div class=\"module-pricing-table-features\">- Early July: \u20ac1,000<\/div>\n\t\t\t\t\t\t\t\t\t\t\t\t\t\t\t\t<div class=\"module-pricing-table-features\">- 2nd week of July: \u20ac1,200<\/div>\n\t\t\t\t\t\t\t\t\t\t\t\t\t\t\t\t<div class=\"module-pricing-table-features\">- From 12 July to 23 August: \u20ac1,500<\/div>\n\t\t\t\t\t\t\t\t\t\t\t\t\t\t\t\t<div class=\"module-pricing-table-features\">- Last week in August: \u20ac1,200<\/div>\n\t\t\t\t\t\t\t\t\t\t\t\t\t\t\t\t<div class=\"module-pricing-table-features\">- September: \u20ac800<\/div>\n\t\t\t\t\t\t\t\t\t\t\t\t\t\t\t\t<div class=\"module-pricing-table-features\">- October and November: \u20ac750<\/div>\n\t\t\t\t\t\t\t\t\t\t\t\t\t\t\t\t\t\t\t\t\t\t\t\t\t\t\t\t\t\t\t<a class=\"module-pricing-table-button tf_rel ui gray\" href=\"https:\/\/lapoussada.com\/en\/contact\/\">\n\t\t\t\tClick here to make a reservation \n\t\t\t<\/a> \n\t\t    <\/div><!-- .module-pricing-table-content -->\n\t<\/div><!-- \/module pricing-table -->\n<!-- module text -->\n<div  class=\"module module-text tb_md8n258\" data-lazy=\"1\">\n        <div  class=\"tb_text_wrap\">\n        <p style=\"text-align: left;\">Prices are inclusive of all charges except air conditioning, which is extra in order to make everyone more responsible.<br>We accept holiday cheques but not credit cards.<br>Not included, the tourist tax that we collect for Greater Narbonne: 2.16\u20ac \/ adult \/ day<\/p>\n<h2 style=\"text-align: left;\"><strong>Options :<\/strong><\/h2>\n<p style=\"text-align: left;\">- Baby equipment free of charge on reservation.<strong><br><\/strong>- Bed linen and towels: \u20ac15\/pers.<br>- End-of-stay cleaning: \u20ac70\u00a0<br>- We do not provide beach towels.\u00a0<br>- Pets accepted under certain conditions. Please contact us before booking. Price \u20ac50\u00a0<\/p>\n<p style=\"text-align: left;\"><strong style=\"font-size: 1em;\">We mainly rent by the week, but on certain dates we accept shorter periods.<\/strong><strong style=\"font-size: 1em;\">.\u00a0<\/strong><\/p>\n<p style=\"text-align: left;\"><strong>Do not hesitate to contact us for all <\/strong><strong>information.\u00a0<\/strong>Example of off-season rate for 2 nights: \u20ac400<\/p>    <\/div>\n<\/div>\n<!-- \/module text -->        <\/div>\n                        <\/div>\n        <\/div>\n        <\/div>\n<!--\/themify_builder_content-->","protected":false},"excerpt":{"rendered":"<p>Tarifs \u00e0 la semaine Arriv\u00e9es et d\u00e9parts les samedis pour \u00ab&nbsp;&nbsp;\u00a0la Cabane\u00a0&nbsp;&nbsp;\u00bb, \u00ab&nbsp;&nbsp;\u00a0Tortuga\u00a0&nbsp;&nbsp;\u00bb et \u00ab&nbsp;&nbsp;\u00a0Plumeria\u00a0&nbsp;&nbsp;\u00bb, les dimanches pour les deux Cubes. \u00a0Nous contacter si d&rsquo;autres dates vous int\u00e9ressent (seulement hors haute saison).Sur juillet et ao\u00fbt, nous privil\u00e9gions les familles de 4 personnes maximum et sans animaux. \u00c0 partir de 750 \u20ac LA SEMAINE &#8211; Du [&hellip;]<\/p>\n","protected":false},"author":1,"featured_media":0,"parent":0,"menu_order":0,"comment_status":"closed","ping_status":"closed","template":"","meta":{"_monsterinsights_skip_tracking":false,"_monsterinsights_sitenote_active":false,"_monsterinsights_sitenote_note":"","_monsterinsights_sitenote_category":0,"footnotes":""},"class_list":["post-33","page","type-page","status-publish","hentry","has-post-title","has-post-date","has-post-category","has-post-tag","has-post-comment","has-post-author",""],"yoast_head":"<!-- This site is optimized with the Yoast SEO plugin v27.4 - https:\/\/yoast.com\/product\/yoast-seo-wordpress\/ -->\n<title>La Poussada - Tarifs pour la location de g\u00eetes \u00e9cologiques (Languedoc)<\/title>\n<meta name=\"description\" content=\"D\u00e9couvrez les tarifs pour l&#039;ensemble de nos g\u00eetes \u00e9cologiques. Location essentiellement \u00e0 la semaine mais possibilit\u00e9 pour les week-end (sur demande).\" \/>\n<meta name=\"robots\" content=\"index, follow, max-snippet:-1, max-image-preview:large, max-video-preview:-1\" \/>\n<link rel=\"canonical\" href=\"https:\/\/lapoussada.com\/en\/tarifs\/\" \/>\n<meta property=\"og:locale\" content=\"en_GB\" \/>\n<meta property=\"og:type\" content=\"article\" \/>\n<meta property=\"og:title\" content=\"La Poussada - Tarifs pour la location de g\u00eetes \u00e9cologiques (Languedoc)\" \/>\n<meta property=\"og:description\" content=\"D\u00e9couvrez les tarifs pour l&#039;ensemble de nos g\u00eetes \u00e9cologiques. Location essentiellement \u00e0 la semaine mais possibilit\u00e9 pour les week-end (sur demande).\" \/>\n<meta property=\"og:url\" content=\"https:\/\/lapoussada.com\/en\/tarifs\/\" \/>\n<meta property=\"og:site_name\" content=\"La Poussada\" \/>\n<meta property=\"article:modified_time\" content=\"2026-02-25T04:14:10+00:00\" \/>\n<meta name=\"twitter:card\" content=\"summary_large_image\" \/>\n<meta name=\"twitter:label1\" content=\"Estimated reading time\" \/>\n\t<meta name=\"twitter:data1\" content=\"2 minutes\" \/>\n<script type=\"application\/ld+json\" class=\"yoast-schema-graph\">{\"@context\":\"https:\\\/\\\/schema.org\",\"@graph\":[{\"@type\":\"WebPage\",\"@id\":\"https:\\\/\\\/lapoussada.com\\\/tarifs\\\/\",\"url\":\"https:\\\/\\\/lapoussada.com\\\/tarifs\\\/\",\"name\":\"La Poussada - Tarifs pour la location de g\u00eetes \u00e9cologiques (Languedoc)\",\"isPartOf\":{\"@id\":\"https:\\\/\\\/lapoussada.com\\\/#website\"},\"datePublished\":\"2020-03-20T12:57:37+00:00\",\"dateModified\":\"2026-02-25T04:14:10+00:00\",\"description\":\"D\u00e9couvrez les tarifs pour l'ensemble de nos g\u00eetes \u00e9cologiques. Location essentiellement \u00e0 la semaine mais possibilit\u00e9 pour les week-end (sur demande).\",\"breadcrumb\":{\"@id\":\"https:\\\/\\\/lapoussada.com\\\/tarifs\\\/#breadcrumb\"},\"inLanguage\":\"en-GB\",\"potentialAction\":[{\"@type\":\"ReadAction\",\"target\":[\"https:\\\/\\\/lapoussada.com\\\/tarifs\\\/\"]}]},{\"@type\":\"BreadcrumbList\",\"@id\":\"https:\\\/\\\/lapoussada.com\\\/tarifs\\\/#breadcrumb\",\"itemListElement\":[{\"@type\":\"ListItem\",\"position\":1,\"name\":\"Accueil\",\"item\":\"https:\\\/\\\/lapoussada.com\\\/\"},{\"@type\":\"ListItem\",\"position\":2,\"name\":\"Tarifs\"}]},{\"@type\":\"WebSite\",\"@id\":\"https:\\\/\\\/lapoussada.com\\\/#website\",\"url\":\"https:\\\/\\\/lapoussada.com\\\/\",\"name\":\"La Poussada\",\"description\":\"Location de g\u00eetes \u00e9cologiques \u00e0 La Palme, Aude\",\"potentialAction\":[{\"@type\":\"SearchAction\",\"target\":{\"@type\":\"EntryPoint\",\"urlTemplate\":\"https:\\\/\\\/lapoussada.com\\\/?s={search_term_string}\"},\"query-input\":{\"@type\":\"PropertyValueSpecification\",\"valueRequired\":true,\"valueName\":\"search_term_string\"}}],\"inLanguage\":\"en-GB\"}]}<\/script>\n<!-- \/ Yoast SEO plugin. -->","yoast_head_json":{"title":"La Poussada - Rates for renting ecological gites (Languedoc)","description":"Discover the rates for all our ecological g\u00eetes. Mainly weekly rentals but possibility for weekends (on request).","robots":{"index":"index","follow":"follow","max-snippet":"max-snippet:-1","max-image-preview":"max-image-preview:large","max-video-preview":"max-video-preview:-1"},"canonical":"https:\/\/lapoussada.com\/en\/tarifs\/","og_locale":"en_GB","og_type":"article","og_title":"La Poussada - Tarifs pour la location de g\u00eetes \u00e9cologiques (Languedoc)","og_description":"D\u00e9couvrez les tarifs pour l'ensemble de nos g\u00eetes \u00e9cologiques. Location essentiellement \u00e0 la semaine mais possibilit\u00e9 pour les week-end (sur demande).","og_url":"https:\/\/lapoussada.com\/en\/tarifs\/","og_site_name":"La Poussada","article_modified_time":"2026-02-25T04:14:10+00:00","twitter_card":"summary_large_image","twitter_misc":{"Estimated reading time":"2 minutes"},"schema":{"@context":"https:\/\/schema.org","@graph":[{"@type":"WebPage","@id":"https:\/\/lapoussada.com\/tarifs\/","url":"https:\/\/lapoussada.com\/tarifs\/","name":"La Poussada - Rates for renting ecological gites (Languedoc)","isPartOf":{"@id":"https:\/\/lapoussada.com\/#website"},"datePublished":"2020-03-20T12:57:37+00:00","dateModified":"2026-02-25T04:14:10+00:00","description":"Discover the rates for all our ecological g\u00eetes. Mainly weekly rentals but possibility for weekends (on request).","breadcrumb":{"@id":"https:\/\/lapoussada.com\/tarifs\/#breadcrumb"},"inLanguage":"en-GB","potentialAction":[{"@type":"ReadAction","target":["https:\/\/lapoussada.com\/tarifs\/"]}]},{"@type":"BreadcrumbList","@id":"https:\/\/lapoussada.com\/tarifs\/#breadcrumb","itemListElement":[{"@type":"ListItem","position":1,"name":"Accueil","item":"https:\/\/lapoussada.com\/"},{"@type":"ListItem","position":2,"name":"Tarifs"}]},{"@type":"WebSite","@id":"https:\/\/lapoussada.com\/#website","url":"https:\/\/lapoussada.com\/","name":"La Poussada","description":"Ecological cottages for rent at La Palme, Aude","potentialAction":[{"@type":"SearchAction","target":{"@type":"EntryPoint","urlTemplate":"https:\/\/lapoussada.com\/?s={search_term_string}"},"query-input":{"@type":"PropertyValueSpecification","valueRequired":true,"valueName":"search_term_string"}}],"inLanguage":"en-GB"}]}},"builder_content":"<h2 style=\"text-align: center;\"><strong>Tarifs \u00e0 la semaine<\/strong><\/h2> <p style=\"text-align: center;\">Arriv\u00e9es et d\u00e9parts les samedis pour \"la Cabane\", \"Tortuga\" et \"Plumeria\", les dimanches pour les deux Cubes. \u00a0<br>Nous contacter si d'autres dates vous int\u00e9ressent (seulement hors haute saison).<br>Sur juillet et ao\u00fbt, nous privil\u00e9gions les familles de 4 personnes maximum et sans animaux.<\/p>\n\u00c0 partir de 750 \u20ac <p>LA SEMAINE<\/p> - Du 01 mars au 31 Mai : 750 \u20ac - Mois de juin : 800 \u20ac - D\u00e9but juillet : 1000 \u20ac - 2eme semaine de juillet : 1200 \u20ac - Du 12 juillet au 23 aout : 1500 \u20ac - Derni\u00e8re semaine d'aout : 1200 \u20ac - Mois de septembre : 800 \u20ac - Mois d'octobre et novembre : 750 \u20ac <a href=\"https:\/\/lapoussada.com\/contact\/\"> Cliquez ici pour r\u00e9server <\/a>\n<p style=\"text-align: left;\">Les tarifs sont charges comprises \u00e0 part la climatisation qui est en plus afin de responsabiliser tout le monde.<br>Nous acceptons les ch\u00e8ques vacances mais pas de carte de cr\u00e9dit.<br>Non inclus, la taxe de s\u00e9jour que nous collectons pour le grand Narbonne: 2,16\u20ac \/ adulte \/ jour<\/p> <h2 style=\"text-align: left;\"><strong>Options :<\/strong><\/h2> <p style=\"text-align: left;\">- Equipement b\u00e9b\u00e9 gratuit sur r\u00e9servation.<strong><br><\/strong>- Draps et serviettes : 15 \u20ac\/pers.<br>- M\u00e9nage de fin de s\u00e9jour : 70 \u20ac\u00a0<br>- Nous ne fournissons pas les serviettes de plages.\u00a0<br>- \u00a0Animal de compagnie accept\u00e9 sous conditions. Nous contacter imp\u00e9rativement avant votre reservation. Prix 50 \u20ac\u00a0<\/p> <p style=\"text-align: left;\"><strong style=\"font-size: 1em;\">Nous louons essentiellement \u00e0 la semaine mais nous acceptons sur certaines dates des dur\u00e9es plus courtes<\/strong><strong style=\"font-size: 1em;\">.\u00a0<\/strong><\/p> <p style=\"text-align: left;\"><strong>N'h\u00e9sitez pas \u00e0 nous contacter pour tous <\/strong><strong>renseignements.\u00a0<\/strong>Exemple de tarif hors saison pour 2 nuits : \u00a0400 \u20ac<\/p>","_links":{"self":[{"href":"https:\/\/lapoussada.com\/en\/wp-json\/wp\/v2\/pages\/33","targetHints":{"allow":["GET"]}}],"collection":[{"href":"https:\/\/lapoussada.com\/en\/wp-json\/wp\/v2\/pages"}],"about":[{"href":"https:\/\/lapoussada.com\/en\/wp-json\/wp\/v2\/types\/page"}],"author":[{"embeddable":true,"href":"https:\/\/lapoussada.com\/en\/wp-json\/wp\/v2\/users\/1"}],"replies":[{"embeddable":true,"href":"https:\/\/lapoussada.com\/en\/wp-json\/wp\/v2\/comments?post=33"}],"version-history":[{"count":10,"href":"https:\/\/lapoussada.com\/en\/wp-json\/wp\/v2\/pages\/33\/revisions"}],"predecessor-version":[{"id":1991,"href":"https:\/\/lapoussada.com\/en\/wp-json\/wp\/v2\/pages\/33\/revisions\/1991"}],"wp:attachment":[{"href":"https:\/\/lapoussada.com\/en\/wp-json\/wp\/v2\/media?parent=33"}],"curies":[{"name":"wp","href":"https:\/\/api.w.org\/{rel}","templated":true}]}}