{"id":38,"date":"2020-03-20T13:58:05","date_gmt":"2020-03-20T12:58:05","guid":{"rendered":"https:\/\/lapoussada.com\/?page_id=38"},"modified":"2020-04-15T14:51:54","modified_gmt":"2020-04-15T12:51:54","slug":"la-region","status":"publish","type":"page","link":"https:\/\/lapoussada.com\/en\/la-region\/","title":{"rendered":"Culture and heritage"},"content":{"rendered":"<!--themify_builder_content-->\n<div id=\"themify_builder_content-38\" data-postid=\"38\" class=\"themify_builder_content themify_builder_content-38 themify_builder tf_clear\">\n                    <div  data-lazy=\"1\" class=\"module_row themify_builder_row tb_oif9222 tb_first tf_w\">\n                        <div class=\"row_inner col_align_top tb_col_count_1 tf_box tf_rel\">\n                        <div  data-lazy=\"1\" class=\"module_column tb-column col-full tb_pkdm223 first\">\n                            <\/div>\n                        <\/div>\n        <\/div>\n        <\/div>\n<!--\/themify_builder_content-->","protected":false},"excerpt":{"rendered":"<p>The Languedoc region, La Palme, Leucate, Barcar\u00e8s. A multitude of landscapes to discover. To find out more<\/p>","protected":false},"author":1,"featured_media":0,"parent":0,"menu_order":0,"comment_status":"closed","ping_status":"closed","template":"","meta":{"_monsterinsights_skip_tracking":false,"_monsterinsights_sitenote_active":false,"_monsterinsights_sitenote_note":"","_monsterinsights_sitenote_category":0,"footnotes":""},"class_list":["post-38","page","type-page","status-publish","hentry","has-post-title","has-post-date","has-post-category","has-post-tag","has-post-comment","has-post-author",""],"yoast_head":"<!-- This site is optimized with the Yoast SEO plugin v27.4 - https:\/\/yoast.com\/product\/yoast-seo-wordpress\/ -->\n<title>La Poussada - D\u00e9couvrez les richesses de la r\u00e9gion Languedoc<\/title>\n<meta name=\"description\" content=\"La Poussada est situ\u00e9e proche de la Franqui, un lieu propice \u00e0 la pratique de loisirs tel que le Kitesurf, la planche \u00e0 voile, etc.\" \/>\n<meta name=\"robots\" content=\"index, follow, max-snippet:-1, max-image-preview:large, max-video-preview:-1\" \/>\n<link rel=\"canonical\" href=\"https:\/\/lapoussada.com\/en\/la-region\/\" \/>\n<meta property=\"og:locale\" content=\"en_GB\" \/>\n<meta property=\"og:type\" content=\"article\" \/>\n<meta property=\"og:title\" content=\"La Poussada - D\u00e9couvrez les richesses de la r\u00e9gion Languedoc\" \/>\n<meta property=\"og:description\" content=\"La Poussada est situ\u00e9e proche de la Franqui, un lieu propice \u00e0 la pratique de loisirs tel que le Kitesurf, la planche \u00e0 voile, etc.\" \/>\n<meta property=\"og:url\" content=\"https:\/\/lapoussada.com\/en\/la-region\/\" \/>\n<meta property=\"og:site_name\" content=\"La Poussada\" \/>\n<meta property=\"article:modified_time\" content=\"2020-04-15T12:51:54+00:00\" \/>\n<meta name=\"twitter:card\" content=\"summary_large_image\" \/>\n<script type=\"application\/ld+json\" class=\"yoast-schema-graph\">{\"@context\":\"https:\\\/\\\/schema.org\",\"@graph\":[{\"@type\":\"WebPage\",\"@id\":\"https:\\\/\\\/lapoussada.com\\\/la-region\\\/\",\"url\":\"https:\\\/\\\/lapoussada.com\\\/la-region\\\/\",\"name\":\"La Poussada - D\u00e9couvrez les richesses de la r\u00e9gion Languedoc\",\"isPartOf\":{\"@id\":\"https:\\\/\\\/lapoussada.com\\\/#website\"},\"datePublished\":\"2020-03-20T12:58:05+00:00\",\"dateModified\":\"2020-04-15T12:51:54+00:00\",\"description\":\"La Poussada est situ\u00e9e proche de la Franqui, un lieu propice \u00e0 la pratique de loisirs tel que le Kitesurf, la planche \u00e0 voile, etc.\",\"breadcrumb\":{\"@id\":\"https:\\\/\\\/lapoussada.com\\\/la-region\\\/#breadcrumb\"},\"inLanguage\":\"en-GB\",\"potentialAction\":[{\"@type\":\"ReadAction\",\"target\":[\"https:\\\/\\\/lapoussada.com\\\/la-region\\\/\"]}]},{\"@type\":\"BreadcrumbList\",\"@id\":\"https:\\\/\\\/lapoussada.com\\\/la-region\\\/#breadcrumb\",\"itemListElement\":[{\"@type\":\"ListItem\",\"position\":1,\"name\":\"Accueil\",\"item\":\"https:\\\/\\\/lapoussada.com\\\/\"},{\"@type\":\"ListItem\",\"position\":2,\"name\":\"Culture et patrimoine\"}]},{\"@type\":\"WebSite\",\"@id\":\"https:\\\/\\\/lapoussada.com\\\/#website\",\"url\":\"https:\\\/\\\/lapoussada.com\\\/\",\"name\":\"La Poussada\",\"description\":\"Location de g\u00eetes \u00e9cologiques \u00e0 La Palme, Aude\",\"potentialAction\":[{\"@type\":\"SearchAction\",\"target\":{\"@type\":\"EntryPoint\",\"urlTemplate\":\"https:\\\/\\\/lapoussada.com\\\/?s={search_term_string}\"},\"query-input\":{\"@type\":\"PropertyValueSpecification\",\"valueRequired\":true,\"valueName\":\"search_term_string\"}}],\"inLanguage\":\"en-GB\"}]}<\/script>\n<!-- \/ Yoast SEO plugin. -->","yoast_head_json":{"title":"La Poussada - Discover the richness of the Languedoc region","description":"La Poussada is located close to the Franqui river, a good place for the practice of leisure activities such as kitesurfing, windsurfing, etc.","robots":{"index":"index","follow":"follow","max-snippet":"max-snippet:-1","max-image-preview":"max-image-preview:large","max-video-preview":"max-video-preview:-1"},"canonical":"https:\/\/lapoussada.com\/en\/la-region\/","og_locale":"en_GB","og_type":"article","og_title":"La Poussada - D\u00e9couvrez les richesses de la r\u00e9gion Languedoc","og_description":"La Poussada est situ\u00e9e proche de la Franqui, un lieu propice \u00e0 la pratique de loisirs tel que le Kitesurf, la planche \u00e0 voile, etc.","og_url":"https:\/\/lapoussada.com\/en\/la-region\/","og_site_name":"La Poussada","article_modified_time":"2020-04-15T12:51:54+00:00","twitter_card":"summary_large_image","schema":{"@context":"https:\/\/schema.org","@graph":[{"@type":"WebPage","@id":"https:\/\/lapoussada.com\/la-region\/","url":"https:\/\/lapoussada.com\/la-region\/","name":"La Poussada - Discover the richness of the Languedoc region","isPartOf":{"@id":"https:\/\/lapoussada.com\/#website"},"datePublished":"2020-03-20T12:58:05+00:00","dateModified":"2020-04-15T12:51:54+00:00","description":"La Poussada is located close to the Franqui river, a good place for the practice of leisure activities such as kitesurfing, windsurfing, etc.","breadcrumb":{"@id":"https:\/\/lapoussada.com\/la-region\/#breadcrumb"},"inLanguage":"en-GB","potentialAction":[{"@type":"ReadAction","target":["https:\/\/lapoussada.com\/la-region\/"]}]},{"@type":"BreadcrumbList","@id":"https:\/\/lapoussada.com\/la-region\/#breadcrumb","itemListElement":[{"@type":"ListItem","position":1,"name":"Accueil","item":"https:\/\/lapoussada.com\/"},{"@type":"ListItem","position":2,"name":"Culture et patrimoine"}]},{"@type":"WebSite","@id":"https:\/\/lapoussada.com\/#website","url":"https:\/\/lapoussada.com\/","name":"La Poussada","description":"Ecological cottages for rent at La Palme, Aude","potentialAction":[{"@type":"SearchAction","target":{"@type":"EntryPoint","urlTemplate":"https:\/\/lapoussada.com\/?s={search_term_string}"},"query-input":{"@type":"PropertyValueSpecification","valueRequired":true,"valueName":"search_term_string"}}],"inLanguage":"en-GB"}]}},"builder_content":"","_links":{"self":[{"href":"https:\/\/lapoussada.com\/en\/wp-json\/wp\/v2\/pages\/38","targetHints":{"allow":["GET"]}}],"collection":[{"href":"https:\/\/lapoussada.com\/en\/wp-json\/wp\/v2\/pages"}],"about":[{"href":"https:\/\/lapoussada.com\/en\/wp-json\/wp\/v2\/types\/page"}],"author":[{"embeddable":true,"href":"https:\/\/lapoussada.com\/en\/wp-json\/wp\/v2\/users\/1"}],"replies":[{"embeddable":true,"href":"https:\/\/lapoussada.com\/en\/wp-json\/wp\/v2\/comments?post=38"}],"version-history":[{"count":5,"href":"https:\/\/lapoussada.com\/en\/wp-json\/wp\/v2\/pages\/38\/revisions"}],"predecessor-version":[{"id":1071,"href":"https:\/\/lapoussada.com\/en\/wp-json\/wp\/v2\/pages\/38\/revisions\/1071"}],"wp:attachment":[{"href":"https:\/\/lapoussada.com\/en\/wp-json\/wp\/v2\/media?parent=38"}],"curies":[{"name":"wp","href":"https:\/\/api.w.org\/{rel}","templated":true}]}}