{"id":45,"date":"2020-03-20T14:00:10","date_gmt":"2020-03-20T13:00:10","guid":{"rendered":"https:\/\/lapoussada.com\/?page_id=45"},"modified":"2024-05-24T18:35:33","modified_gmt":"2024-05-24T16:35:33","slug":"prestations","status":"publish","type":"page","link":"https:\/\/lapoussada.com\/en\/prestations\/","title":{"rendered":"Services"},"content":{"rendered":"<!--themify_builder_content-->\n<div id=\"themify_builder_content-45\" data-postid=\"45\" class=\"themify_builder_content themify_builder_content-45 themify_builder tf_clear\">\n                    <div  data-css_id=\"sjyd728\" data-lazy=\"1\" class=\"module_row themify_builder_row fullwidth_row_container tb_sjyd728 tb_first tf_w\">\n                        <div class=\"row_inner col_align_top tb_col_count_1 tf_box tf_rel\">\n                        <div  data-lazy=\"1\" class=\"module_column tb-column col-full tb_bchv729 first\">\n                    <!-- module text -->\n<div  class=\"module module-text tb_k5mj834\" data-lazy=\"1\">\n        <div  class=\"tb_text_wrap\">\n        <h1>SERVICES<\/h1>    <\/div>\n<\/div>\n<!-- \/module text --><!-- module text -->\n<div  class=\"module module-text tb_vfyq346\" data-lazy=\"1\">\n        <div  class=\"tb_text_wrap\">\n        <h3><strong>General:<\/strong><\/h3>\n<p>The cottages are independent and each tenant has his own parking space. We pay particular attention to cleaning the cottages between arrivals. We remain at your disposal for any further information.<\/p>\n<ul>\n<li>Sea view, except Tortuga which overlooks the garden.<\/li>\n<li>Non-smoking cottages, but smoking outside is permitted.<\/li>\n<li>\u00a0Private shaded car park<\/li>\n<li>Storage box for toys (bikes, kites, windsurfing boards)<\/li>\n<li>Secure, shared, unheated swimming pool: the Poussada: 10m x 5m and the Cubes: 5m x 5m.<\/li>\n<li>Pets allowed on request only: supplement 50 \u20ac.<\/li>\n<li>Optional sheets &amp; towels: \u20ac15\/pers<\/li>\n<li>End-of-stay cleaning option: \u20ac50 to \u20ac100 depending on number of people<\/li>\n<li>Located in a quiet area<\/li>\n<li>Centre of the village at 3 min walk \u00a0<\/li>\n<li>Free wifi. For the Cubes, you will have to come to the Poussada<\/li>\n<li>Baby equipment free on reservation<\/li>\n<li>Take advantage of our advice for your sports, cultural and gastronomic activities.<\/li>\n<\/ul>\n<h3><strong>Each cottage has :<\/strong><\/h3>\n<ul>\n<li>Heating is included in the price<\/li>\n<li>In summer, air-conditioning is available in all houses, but a charge is made to encourage users to take responsibility.<\/li>\n<li>2 fans<\/li>\n<li>Mosquito nets on the windows in the rooms<\/li>\n<li>Large private terrace facing south-east, equipped with a shade cloth, garden furniture and 2 sun loungers (chiliennes)<\/li>\n<li>Electric grill<\/li>\n<li>Hammock on the terrace except Tortuga<\/li>\n<li>DTT flat screen TV<\/li>\n<li>\u00a0Dishwasher, washing machine, microwave oven...<\/li>\n<li>Water heater\u00a0<\/li>\n<\/ul>    <\/div>\n<\/div>\n<!-- \/module text -->        <\/div>\n                        <\/div>\n        <\/div>\n        <\/div>\n<!--\/themify_builder_content-->","protected":false},"excerpt":{"rendered":"<p>PRESTATIONS G\u00e9n\u00e9rales&nbsp;: Les maisons sont ind\u00e9pendantes et chaque locataire a son propre parking. Nous attachons une attention toute particuli\u00e8re au nettoyage des cottages entre deux arriv\u00e9es. On reste \u00e0 votre disposition pour tous renseignements. Vue mer, sauf Tortuga qui donne sur le jardin Cottages non fumeurs, mais fumer dehors est autoris\u00e9 \u00a0Parking privatif ombrag\u00e9 Box [&hellip;]<\/p>\n","protected":false},"author":1,"featured_media":0,"parent":0,"menu_order":0,"comment_status":"closed","ping_status":"closed","template":"","meta":{"_monsterinsights_skip_tracking":false,"_monsterinsights_sitenote_active":false,"_monsterinsights_sitenote_note":"","_monsterinsights_sitenote_category":0,"footnotes":""},"class_list":["post-45","page","type-page","status-publish","hentry","has-post-title","has-post-date","has-post-category","has-post-tag","has-post-comment","has-post-author",""],"yoast_head":"<!-- This site is optimized with the Yoast SEO plugin v27.3 - https:\/\/yoast.com\/product\/yoast-seo-wordpress\/ -->\n<title>Cottages \u00e9cologique de la Poussaa - Les pr\u00e9stations disponible<\/title>\n<meta name=\"description\" content=\"Nos g\u00eetes \u00e9cologiques 3 \u00e9toiles sont situ\u00e9s \u00e0 La Palme et disposent de nombreux \u00e9quipements pour vous assurer un confort maximal durant votre s\u00e9jour.\" \/>\n<meta name=\"robots\" content=\"index, follow, max-snippet:-1, max-image-preview:large, max-video-preview:-1\" \/>\n<link rel=\"canonical\" href=\"https:\/\/lapoussada.com\/en\/prestations\/\" \/>\n<meta property=\"og:locale\" content=\"en_GB\" \/>\n<meta property=\"og:type\" content=\"article\" \/>\n<meta property=\"og:title\" content=\"Cottages \u00e9cologique de la Poussaa - Les pr\u00e9stations disponible\" \/>\n<meta property=\"og:description\" content=\"Nos g\u00eetes \u00e9cologiques 3 \u00e9toiles sont situ\u00e9s \u00e0 La Palme et disposent de nombreux \u00e9quipements pour vous assurer un confort maximal durant votre s\u00e9jour.\" \/>\n<meta property=\"og:url\" content=\"https:\/\/lapoussada.com\/en\/prestations\/\" \/>\n<meta property=\"og:site_name\" content=\"La Poussada\" \/>\n<meta property=\"article:modified_time\" content=\"2024-05-24T16:35:33+00:00\" \/>\n<meta name=\"twitter:card\" content=\"summary_large_image\" \/>\n<meta name=\"twitter:label1\" content=\"Estimated reading time\" \/>\n\t<meta name=\"twitter:data1\" content=\"1 minute\" \/>\n<script type=\"application\/ld+json\" class=\"yoast-schema-graph\">{\"@context\":\"https:\\\/\\\/schema.org\",\"@graph\":[{\"@type\":\"WebPage\",\"@id\":\"https:\\\/\\\/lapoussada.com\\\/prestations\\\/\",\"url\":\"https:\\\/\\\/lapoussada.com\\\/prestations\\\/\",\"name\":\"Cottages \u00e9cologique de la Poussaa - Les pr\u00e9stations disponible\",\"isPartOf\":{\"@id\":\"https:\\\/\\\/lapoussada.com\\\/#website\"},\"datePublished\":\"2020-03-20T13:00:10+00:00\",\"dateModified\":\"2024-05-24T16:35:33+00:00\",\"description\":\"Nos g\u00eetes \u00e9cologiques 3 \u00e9toiles sont situ\u00e9s \u00e0 La Palme et disposent de nombreux \u00e9quipements pour vous assurer un confort maximal durant votre s\u00e9jour.\",\"breadcrumb\":{\"@id\":\"https:\\\/\\\/lapoussada.com\\\/prestations\\\/#breadcrumb\"},\"inLanguage\":\"en-GB\",\"potentialAction\":[{\"@type\":\"ReadAction\",\"target\":[\"https:\\\/\\\/lapoussada.com\\\/prestations\\\/\"]}]},{\"@type\":\"BreadcrumbList\",\"@id\":\"https:\\\/\\\/lapoussada.com\\\/prestations\\\/#breadcrumb\",\"itemListElement\":[{\"@type\":\"ListItem\",\"position\":1,\"name\":\"Accueil\",\"item\":\"https:\\\/\\\/lapoussada.com\\\/\"},{\"@type\":\"ListItem\",\"position\":2,\"name\":\"Prestations\"}]},{\"@type\":\"WebSite\",\"@id\":\"https:\\\/\\\/lapoussada.com\\\/#website\",\"url\":\"https:\\\/\\\/lapoussada.com\\\/\",\"name\":\"La Poussada\",\"description\":\"Location de g\u00eetes \u00e9cologiques \u00e0 La Palme, Aude\",\"potentialAction\":[{\"@type\":\"SearchAction\",\"target\":{\"@type\":\"EntryPoint\",\"urlTemplate\":\"https:\\\/\\\/lapoussada.com\\\/?s={search_term_string}\"},\"query-input\":{\"@type\":\"PropertyValueSpecification\",\"valueRequired\":true,\"valueName\":\"search_term_string\"}}],\"inLanguage\":\"en-GB\"}]}<\/script>\n<!-- \/ Yoast SEO plugin. -->","yoast_head_json":{"title":"Ecological cottages of La Poussaa - Services available","description":"Our 3-star eco-friendly gites are located in La Palme and have many facilities to ensure maximum comfort during your stay.","robots":{"index":"index","follow":"follow","max-snippet":"max-snippet:-1","max-image-preview":"max-image-preview:large","max-video-preview":"max-video-preview:-1"},"canonical":"https:\/\/lapoussada.com\/en\/prestations\/","og_locale":"en_GB","og_type":"article","og_title":"Cottages \u00e9cologique de la Poussaa - Les pr\u00e9stations disponible","og_description":"Nos g\u00eetes \u00e9cologiques 3 \u00e9toiles sont situ\u00e9s \u00e0 La Palme et disposent de nombreux \u00e9quipements pour vous assurer un confort maximal durant votre s\u00e9jour.","og_url":"https:\/\/lapoussada.com\/en\/prestations\/","og_site_name":"La Poussada","article_modified_time":"2024-05-24T16:35:33+00:00","twitter_card":"summary_large_image","twitter_misc":{"Estimated reading time":"1 minute"},"schema":{"@context":"https:\/\/schema.org","@graph":[{"@type":"WebPage","@id":"https:\/\/lapoussada.com\/prestations\/","url":"https:\/\/lapoussada.com\/prestations\/","name":"Ecological cottages of La Poussaa - Services available","isPartOf":{"@id":"https:\/\/lapoussada.com\/#website"},"datePublished":"2020-03-20T13:00:10+00:00","dateModified":"2024-05-24T16:35:33+00:00","description":"Our 3-star eco-friendly gites are located in La Palme and have many facilities to ensure maximum comfort during your stay.","breadcrumb":{"@id":"https:\/\/lapoussada.com\/prestations\/#breadcrumb"},"inLanguage":"en-GB","potentialAction":[{"@type":"ReadAction","target":["https:\/\/lapoussada.com\/prestations\/"]}]},{"@type":"BreadcrumbList","@id":"https:\/\/lapoussada.com\/prestations\/#breadcrumb","itemListElement":[{"@type":"ListItem","position":1,"name":"Accueil","item":"https:\/\/lapoussada.com\/"},{"@type":"ListItem","position":2,"name":"Prestations"}]},{"@type":"WebSite","@id":"https:\/\/lapoussada.com\/#website","url":"https:\/\/lapoussada.com\/","name":"La Poussada","description":"Ecological cottages for rent at La Palme, Aude","potentialAction":[{"@type":"SearchAction","target":{"@type":"EntryPoint","urlTemplate":"https:\/\/lapoussada.com\/?s={search_term_string}"},"query-input":{"@type":"PropertyValueSpecification","valueRequired":true,"valueName":"search_term_string"}}],"inLanguage":"en-GB"}]}},"builder_content":"<h1>PRESTATIONS<\/h1>\n<h3><strong>G\u00e9n\u00e9rales :<\/strong><\/h3> <p>Les maisons sont ind\u00e9pendantes et chaque locataire a son propre parking. Nous attachons une attention toute particuli\u00e8re au nettoyage des cottages entre deux arriv\u00e9es. On reste \u00e0 votre disposition pour tous renseignements.<\/p> <ul> <li>Vue mer, sauf Tortuga qui donne sur le jardin<\/li> <li>Cottages non fumeurs, mais fumer dehors est autoris\u00e9<\/li> <li>\u00a0Parking privatif ombrag\u00e9<\/li> <li>Box de rangement pour les jouets (v\u00e9los, kites, planches \u00e0 voile)<\/li> <li>Piscine s\u00e9curis\u00e9e, partag\u00e9e, non chauff\u00e9e : la Poussada: 10m x 5m et les Cubes: 5m x 5m<\/li> <li>Animaux autoris\u00e9s sur demande seulement : suppl\u00e9ment 50 \u20ac<\/li> <li>Option draps &amp; serviettes : 15 \u20ac\/pers<\/li> <li>Option m\u00e9nage de fin de s\u00e9jour : 50 \u00e0 100 \u20ac selon le nombre de personnes<\/li> <li>Situ\u00e9 au calme<\/li> <li>Centre du village \u00e0 3 min \u00e0 pied \u00a0<\/li> <li>Wifi gratuite. Pour les Cubes, il faudra venir \u00e0 la Poussada<\/li> <li>Equipement b\u00e9b\u00e9 gratuit sur reservation<\/li> <li>Profitez de nos conseils pour vos activit\u00e9s sportives, culturelles et gastronomiques<\/li> <\/ul> <h3><strong>Chaque cottage dispose de :<\/strong><\/h3> <ul> <li>Le chauffage est inclus dans le prix<\/li> <li>En \u00e9t\u00e9, Climatisation \u00e0 disposition dans toutes les maisons mais payante afin de responsabiliser l'utilisateur<\/li> <li>2 ventilateurs<\/li> <li>Moustiquaires aux fen\u00eatres dans les chambres<\/li> <li>Grande terrasse priv\u00e9e orient\u00e9e sud-est, \u00e9quip\u00e9e d'une toile d\u2019ombrage, salon de jardin et 2 chaises longues (chiliennes)<\/li> <li>Grill \u00e9lectrique<\/li> <li>Hamac sur la terrasse sauf Tortuga<\/li> <li>TV TNT \u00e9cran plat<\/li> <li>\u00a0Lave vaisselle, lave linge, four \u00e0 micro-onde\u2026..<\/li> <li>Chauffe eau\u00a0<\/li> <\/ul>","_links":{"self":[{"href":"https:\/\/lapoussada.com\/en\/wp-json\/wp\/v2\/pages\/45","targetHints":{"allow":["GET"]}}],"collection":[{"href":"https:\/\/lapoussada.com\/en\/wp-json\/wp\/v2\/pages"}],"about":[{"href":"https:\/\/lapoussada.com\/en\/wp-json\/wp\/v2\/types\/page"}],"author":[{"embeddable":true,"href":"https:\/\/lapoussada.com\/en\/wp-json\/wp\/v2\/users\/1"}],"replies":[{"embeddable":true,"href":"https:\/\/lapoussada.com\/en\/wp-json\/wp\/v2\/comments?post=45"}],"version-history":[{"count":5,"href":"https:\/\/lapoussada.com\/en\/wp-json\/wp\/v2\/pages\/45\/revisions"}],"predecessor-version":[{"id":1396,"href":"https:\/\/lapoussada.com\/en\/wp-json\/wp\/v2\/pages\/45\/revisions\/1396"}],"wp:attachment":[{"href":"https:\/\/lapoussada.com\/en\/wp-json\/wp\/v2\/media?parent=45"}],"curies":[{"name":"wp","href":"https:\/\/api.w.org\/{rel}","templated":true}]}}